{"id":3,"date":"2023-12-08T13:43:34","date_gmt":"2023-12-08T13:43:34","guid":{"rendered":"https:\/\/base.lp-mediapost.fr\/?page_id=3"},"modified":"2024-06-10T16:39:58","modified_gmt":"2024-06-10T15:39:58","slug":"politique-de-confidentialite","status":"publish","type":"page","link":"https:\/\/demo-leclerc-st-parres.lp-mediaposte.fr\/?page_id=3","title":{"rendered":"Politique de Confidentialit\u00e9"},"content":{"rendered":"\t\t<div data-elementor-type=\"wp-page\" data-elementor-id=\"3\" class=\"elementor elementor-3\" data-elementor-post-type=\"page\">\n\t\t\t\t<div class=\"elementor-element elementor-element-0a3de00 e-flex e-con-boxed e-con e-parent\" data-id=\"0a3de00\" data-element_type=\"container\">\n\t\t\t\t\t<div class=\"e-con-inner\">\n\t\t<div class=\"elementor-element elementor-element-c4bf6a7 e-flex e-con-boxed e-con e-child\" data-id=\"c4bf6a7\" data-element_type=\"container\">\n\t\t\t\t\t<div class=\"e-con-inner\">\n\t\t\t\t\t<\/div>\n\t\t\t\t<\/div>\n\t\t<div class=\"elementor-element elementor-element-599f3fe e-flex e-con-boxed e-con e-child\" data-id=\"599f3fe\" data-element_type=\"container\">\n\t\t\t\t\t<div class=\"e-con-inner\">\n\t\t\t\t<div class=\"elementor-element elementor-element-eca26fd elementor-widget elementor-widget-text-editor\" data-id=\"eca26fd\" data-element_type=\"widget\" data-widget_type=\"text-editor.default\">\n\t\t\t\t<div class=\"elementor-widget-container\">\n\t\t\t\t\t\t\t\t\tNous pla\u00e7ons la protection des Donn\u00e9es \u00e0 caract\u00e8re Personnel au c\u0153ur de nos activit\u00e9s et des services qui vous sont propos\u00e9s.\t\t\t\t\t\t\t\t<\/div>\n\t\t\t\t<\/div>\n\t\t\t\t\t<\/div>\n\t\t\t\t<\/div>\n\t\t<div class=\"elementor-element elementor-element-2e2a8f3 e-flex e-con-boxed e-con e-child\" data-id=\"2e2a8f3\" data-element_type=\"container\">\n\t\t\t\t\t<div class=\"e-con-inner\">\n\t\t\t\t<div class=\"elementor-element elementor-element-179f54c elementor-widget elementor-widget-text-editor\" data-id=\"179f54c\" data-element_type=\"widget\" data-widget_type=\"text-editor.default\">\n\t\t\t\t<div class=\"elementor-widget-container\">\n\t\t\t\t\t\t\t\t\t<p><span style=\"font-weight: 400;\">La pr\u00e9sente Politique \u00e9nonce les principes et lignes directrices pour la protection de vos Donn\u00e9es Personnelles et a pour objectif de vous informer sur :<\/span><\/p><ul><li style=\"font-weight: 400;\" aria-level=\"1\"><span style=\"font-weight: 400;\">Si nous collectons des Donn\u00e9es Personnelles, la fa\u00e7on dont nous collectons ces donn\u00e9es et les raisons de cette collecte,<\/span><\/li><li style=\"font-weight: 400;\" aria-level=\"1\"><span style=\"font-weight: 400;\">La fa\u00e7on dont nous utilisons ces Donn\u00e9es Personnelles,<\/span><\/li><li style=\"font-weight: 400;\" aria-level=\"1\"><span style=\"font-weight: 400;\"><span style=\"font-weight: 400;\">Vos droits sur les Donn\u00e9es Personnelles vous concernant.<\/span><\/span><p>\u00a0<\/p><\/li><\/ul><p><span style=\"font-weight: 400;\">Cette Politique s\u2019applique \u00e0 tous les services propos\u00e9s sur le Site.<\/span><\/p>\t\t\t\t\t\t\t\t<\/div>\n\t\t\t\t<\/div>\n\t\t\t\t\t<\/div>\n\t\t\t\t<\/div>\n\t\t<div class=\"elementor-element elementor-element-9e9307a e-flex e-con-boxed e-con e-child\" data-id=\"9e9307a\" data-element_type=\"container\">\n\t\t\t\t\t<div class=\"e-con-inner\">\n\t\t\t\t<div class=\"elementor-element elementor-element-27b1935 elementor-widget elementor-widget-heading\" data-id=\"27b1935\" data-element_type=\"widget\" data-widget_type=\"heading.default\">\n\t\t\t\t<div class=\"elementor-widget-container\">\n\t\t\t\t\t<h2 class=\"elementor-heading-title elementor-size-default\">Comment prenons-nous en compte la protection des Donn\u00e9es Personnelles ?<\/h2>\t\t\t\t<\/div>\n\t\t\t\t<\/div>\n\t\t\t\t<div class=\"elementor-element elementor-element-c3bbdef elementor-widget elementor-widget-text-editor\" data-id=\"c3bbdef\" data-element_type=\"widget\" data-widget_type=\"text-editor.default\">\n\t\t\t\t<div class=\"elementor-widget-container\">\n\t\t\t\t\t\t\t\t\tNous nous engageons \u00e0 prendre en compte la protection de vos Donn\u00e9es Personnelles et de votre vie priv\u00e9e d\u00e8s la conception des nouveaux produits ou services qui vous sont propos\u00e9s. Pour assurer la s\u00e9curit\u00e9 et garantir le respect et le bon exercice de vos droits, les mesures permettant d\u2019assurer la protection de vos Donn\u00e9es Personnelles sont mises en \u0153uvre.\t\t\t\t\t\t\t\t<\/div>\n\t\t\t\t<\/div>\n\t\t\t\t\t<\/div>\n\t\t\t\t<\/div>\n\t\t<div class=\"elementor-element elementor-element-74fe526 e-flex e-con-boxed e-con e-child\" data-id=\"74fe526\" data-element_type=\"container\">\n\t\t\t\t\t<div class=\"e-con-inner\">\n\t\t\t\t<div class=\"elementor-element elementor-element-20a3c2c elementor-widget elementor-widget-heading\" data-id=\"20a3c2c\" data-element_type=\"widget\" data-widget_type=\"heading.default\">\n\t\t\t\t<div class=\"elementor-widget-container\">\n\t\t\t\t\t<h2 class=\"elementor-heading-title elementor-size-default\">Quelles Donn\u00e9es Personnelles utilisons-nous ?<\/h2>\t\t\t\t<\/div>\n\t\t\t\t<\/div>\n\t\t\t\t<div class=\"elementor-element elementor-element-b5a3c1f elementor-widget elementor-widget-text-editor\" data-id=\"b5a3c1f\" data-element_type=\"widget\" data-widget_type=\"text-editor.default\">\n\t\t\t\t<div class=\"elementor-widget-container\">\n\t\t\t\t\t\t\t\t\t<p><span style=\"font-weight: 400;\">Si l\u2019Editeur collecte pour le compte de l\u2019Annonceur des Donn\u00e9es Personnelles, il s\u2019engage \u00e0 ne collecter que des donn\u00e9es strictement n\u00e9cessaires \u00e0 la r\u00e9alisation des finalit\u00e9s fond\u00e9es sur l\u2019int\u00e9r\u00eat l\u00e9gitime de l\u2019Annonceur suivantes\u00a0:<\/span><\/p><ul><li><span style=\"font-weight: 400;\"> Gestion de la relation avec l\u2019Utilisateur (contact, r\u00e9clamations, incidents\u2026) ;\u00a0<\/span><\/li><li><span style=\"font-weight: 400;\"> L\u2019envoi de contenu marketing et commercial ;\u00a0<\/span><\/li><li><span style=\"font-weight: 400;\"> La mise \u00e0 disposition du Site ;\u00a0<\/span><\/li><li><span style=\"font-weight: 400;\"> La gestion de la relation entre l\u2019Annonceur et les utilisateurs via les formulaires de contact ;\u00a0<br \/><br \/><\/span><\/li><\/ul><p><span style=\"font-weight: 400;\">En cas d\u2019utilisation des donn\u00e9es pour d\u2019autres finalit\u00e9s, l\u2019Annonceur s\u2019engage \u00e0 recueillir le consentement pr\u00e9alable des personnes concern\u00e9es avant la mise en \u0153uvre du traitement.\u00a0<\/span><\/p><p><span style=\"font-weight: 400;\">Dans le cas o\u00f9 des donn\u00e9es facultatives vous seraient demand\u00e9es, nous vous informerons clairement sur les donn\u00e9es personnelles n\u00e9cessaires et celles volontairement fournies par vos soins.<\/span><\/p><p><span style=\"font-weight: 400;\">Les Donn\u00e9es Personnelles sont collect\u00e9es directement aupr\u00e8s de vous et ne sont utilis\u00e9es que pour les usages qui ont \u00e9t\u00e9 port\u00e9s \u00e0 votre connaissance.<\/span><\/p><p><span style=\"font-weight: 400;\">Les Donn\u00e9es Personnelles sont utilis\u00e9es pour vous proposer d\u2019autres services, uniquement si vous avez accept\u00e9 de recevoir des communications commerciales.<\/span><\/p>\t\t\t\t\t\t\t\t<\/div>\n\t\t\t\t<\/div>\n\t\t\t\t\t<\/div>\n\t\t\t\t<\/div>\n\t\t<div class=\"elementor-element elementor-element-d852311 e-flex e-con-boxed e-con e-child\" data-id=\"d852311\" data-element_type=\"container\">\n\t\t\t\t\t<div class=\"e-con-inner\">\n\t\t\t\t<div class=\"elementor-element elementor-element-ca3ce74 elementor-widget elementor-widget-heading\" data-id=\"ca3ce74\" data-element_type=\"widget\" data-widget_type=\"heading.default\">\n\t\t\t\t<div class=\"elementor-widget-container\">\n\t\t\t\t\t<h2 class=\"elementor-heading-title elementor-size-default\">Quelles sont les finalit\u00e9s des traitements que nous effectuons, leur base l\u00e9gale et la dur\u00e9e de conservation des Donn\u00e9es Personnelles\u00a0?<\/h2>\t\t\t\t<\/div>\n\t\t\t\t<\/div>\n\t\t\t\t<div class=\"elementor-element elementor-element-2c2be27 elementor-widget elementor-widget-text-editor\" data-id=\"2c2be27\" data-element_type=\"widget\" data-widget_type=\"text-editor.default\">\n\t\t\t\t<div class=\"elementor-widget-container\">\n\t\t\t\t\t\t\t\t\tSi nous collectons des Donn\u00e9es Personnelles, nous les conservons pour une dur\u00e9e maximum de 36 mois \u00e0 compter de la date de leur collecte.\u00a0\t\t\t\t\t\t\t\t<\/div>\n\t\t\t\t<\/div>\n\t\t\t\t\t<\/div>\n\t\t\t\t<\/div>\n\t\t<div class=\"elementor-element elementor-element-8ba79ad e-flex e-con-boxed e-con e-child\" data-id=\"8ba79ad\" data-element_type=\"container\">\n\t\t\t\t\t<div class=\"e-con-inner\">\n\t\t\t\t<div class=\"elementor-element elementor-element-2ea3591 elementor-widget elementor-widget-heading\" data-id=\"2ea3591\" data-element_type=\"widget\" data-widget_type=\"heading.default\">\n\t\t\t\t<div class=\"elementor-widget-container\">\n\t\t\t\t\t<h2 class=\"elementor-heading-title elementor-size-default\">\u00c0 quels services ou entreprises sont communiqu\u00e9es vos Donn\u00e9es Personnelles ?<\/h2>\t\t\t\t<\/div>\n\t\t\t\t<\/div>\n\t\t\t\t<div class=\"elementor-element elementor-element-830b458 elementor-widget elementor-widget-text-editor\" data-id=\"830b458\" data-element_type=\"widget\" data-widget_type=\"text-editor.default\">\n\t\t\t\t<div class=\"elementor-widget-container\">\n\t\t\t\t\t\t\t\t\t<p><span style=\"font-weight: 400;\">Vos donn\u00e9es sont susceptibles d\u2019\u00eatre transmises :<\/span><\/p><ul><li style=\"font-weight: 400;\" aria-level=\"1\"><span style=\"font-weight: 400;\">A des services internes de l\u2019Annonceur : les directions qui sont en charge de l\u2019ex\u00e9cution des services souscrits, notamment Service Clients, Administration des Ventes\u2026<\/span><\/li><li style=\"font-weight: 400;\" aria-level=\"1\"><span style=\"font-weight: 400;\">A des prestataires externes de l\u2019Annonceur ou de l&rsquo;\u00c9diteur: les prestataires techniques, y compris des sous-traitants ;<\/span><\/li><li style=\"font-weight: 400;\" aria-level=\"1\"><span style=\"font-weight: 400;\">A des partenaires commerciaux de l\u2019Annonceur ou de l&rsquo;\u00c9diteur, apr\u00e8s vous en avoir pr\u00e9alablement inform\u00e9 et vous avoir permis d\u2019exprimer vos choix gr\u00e2ce \u00e0 une case \u00e0 cocher.<\/span><\/li><\/ul>\t\t\t\t\t\t\t\t<\/div>\n\t\t\t\t<\/div>\n\t\t\t\t\t<\/div>\n\t\t\t\t<\/div>\n\t\t<div class=\"elementor-element elementor-element-8e080df e-flex e-con-boxed e-con e-child\" data-id=\"8e080df\" data-element_type=\"container\">\n\t\t\t\t\t<div class=\"e-con-inner\">\n\t\t\t\t<div class=\"elementor-element elementor-element-b5b27d9 elementor-widget elementor-widget-heading\" data-id=\"b5b27d9\" data-element_type=\"widget\" data-widget_type=\"heading.default\">\n\t\t\t\t<div class=\"elementor-widget-container\">\n\t\t\t\t\t<h2 class=\"elementor-heading-title elementor-size-default\">Vos Donn\u00e9es Personnelles peuvent-elles \u00eatre transf\u00e9r\u00e9es en dehors de l\u2019Union Europ\u00e9enne ?<\/h2>\t\t\t\t<\/div>\n\t\t\t\t<\/div>\n\t\t\t\t<div class=\"elementor-element elementor-element-c8f5bbe elementor-widget elementor-widget-text-editor\" data-id=\"c8f5bbe\" data-element_type=\"widget\" data-widget_type=\"text-editor.default\">\n\t\t\t\t<div class=\"elementor-widget-container\">\n\t\t\t\t\t\t\t\t\tNous r\u00e9alisons l\u2019ensemble des traitements de vos Donn\u00e9es Personnelles sur le territoire de l\u2019Union Europ\u00e9enne (UE).\t\t\t\t\t\t\t\t<\/div>\n\t\t\t\t<\/div>\n\t\t\t\t\t<\/div>\n\t\t\t\t<\/div>\n\t\t<div class=\"elementor-element elementor-element-cd44cd6 e-flex e-con-boxed e-con e-child\" data-id=\"cd44cd6\" data-element_type=\"container\">\n\t\t\t\t\t<div class=\"e-con-inner\">\n\t\t\t\t<div class=\"elementor-element elementor-element-e802257 elementor-widget elementor-widget-heading\" data-id=\"e802257\" data-element_type=\"widget\" data-widget_type=\"heading.default\">\n\t\t\t\t<div class=\"elementor-widget-container\">\n\t\t\t\t\t<h2 class=\"elementor-heading-title elementor-size-default\">Vos Donn\u00e9es Personnelles sont-elles prot\u00e9g\u00e9es ?<\/h2>\t\t\t\t<\/div>\n\t\t\t\t<\/div>\n\t\t\t\t<div class=\"elementor-element elementor-element-f9c00f0 elementor-widget elementor-widget-text-editor\" data-id=\"f9c00f0\" data-element_type=\"widget\" data-widget_type=\"text-editor.default\">\n\t\t\t\t<div class=\"elementor-widget-container\">\n\t\t\t\t\t\t\t\t\tNous nous engageons \u00e0 prendre toutes mesures afin d\u2019assurer la disponibilit\u00e9, l\u2019int\u00e9grit\u00e9 et la confidentialit\u00e9 des Donn\u00e9es Personnelles et notamment \u00e0 emp\u00eacher qu\u2019elles ne soient endommag\u00e9es, effac\u00e9es ou que des tiers non autoris\u00e9s y aient acc\u00e8s.\t\t\t\t\t\t\t\t<\/div>\n\t\t\t\t<\/div>\n\t\t\t\t<div class=\"elementor-element elementor-element-b134a61 elementor-widget elementor-widget-text-editor\" data-id=\"b134a61\" data-element_type=\"widget\" data-widget_type=\"text-editor.default\">\n\t\t\t\t<div class=\"elementor-widget-container\">\n\t\t\t\t\t\t\t\t\tPar ailleurs, en cas d\u2019incident de s\u00e9curit\u00e9 affectant vos Donn\u00e9es Personnelles (destruction, perte, alt\u00e9ration ou divulgation), nous nous engageons \u00e0 respecter l\u2019obligation de notification des violations de Donn\u00e9es Personnelles, notamment aupr\u00e8s de la CNIL.\t\t\t\t\t\t\t\t<\/div>\n\t\t\t\t<\/div>\n\t\t\t\t\t<\/div>\n\t\t\t\t<\/div>\n\t\t<div class=\"elementor-element elementor-element-1082800 e-flex e-con-boxed e-con e-child\" data-id=\"1082800\" data-element_type=\"container\">\n\t\t\t\t\t<div class=\"e-con-inner\">\n\t\t\t\t<div class=\"elementor-element elementor-element-448bad5 elementor-widget elementor-widget-heading\" data-id=\"448bad5\" data-element_type=\"widget\" data-widget_type=\"heading.default\">\n\t\t\t\t<div class=\"elementor-widget-container\">\n\t\t\t\t\t<h2 class=\"elementor-heading-title elementor-size-default\">Quels sont vos droits sur vos Donn\u00e9es Personnelles ?<\/h2>\t\t\t\t<\/div>\n\t\t\t\t<\/div>\n\t\t\t\t<div class=\"elementor-element elementor-element-ff9dae5 elementor-widget elementor-widget-text-editor\" data-id=\"ff9dae5\" data-element_type=\"widget\" data-widget_type=\"text-editor.default\">\n\t\t\t\t<div class=\"elementor-widget-container\">\n\t\t\t\t\t\t\t\t\t<p>Vous disposez \u00e0 tout moment de la facult\u00e9 d\u2019exercer les droits pr\u00e9vus par la r\u00e9glementation en vigueur applicable en mati\u00e8re de donn\u00e9es \u00e0 caract\u00e8re personnel, sous r\u00e9serve d\u2019en remplir les conditions :<\/p><ul><li style=\"font-weight: 400;\" aria-level=\"1\"><span style=\"font-weight: 400;\">Droit d\u2019acc\u00e8s : vous pouvez avoir droit \u00e0 la communication de vos Donn\u00e9es Personnelles faisant l\u2019objet d\u2019un traitement ;<\/span><\/li><li style=\"font-weight: 400;\" aria-level=\"1\"><span style=\"font-weight: 400;\">Droit de rectification : vous pouvez mettre \u00e0 jour vos Donn\u00e9es Personnelles ou faire rectifier vos Donn\u00e9es Personnelles que nous traitons ;<\/span><\/li><li style=\"font-weight: 400;\" aria-level=\"1\"><span style=\"font-weight: 400;\">Droit d\u2019opposition, notamment \u00e0 recevoir des communications commerciales : vous pouvez exprimer votre souhait de ne plus recevoir de communication commerciale de notre part ou demander que vos Donn\u00e9es Personnelles ne fassent plus l\u2019objet d\u2019un traitement ;<\/span><\/li><li style=\"font-weight: 400;\" aria-level=\"1\"><span style=\"font-weight: 400;\">Droit \u00e0 l\u2019effacement : vous pouvez demander la suppression de vos Donn\u00e9es Personnelles ;<\/span><\/li><li style=\"font-weight: 400;\" aria-level=\"1\"><span style=\"font-weight: 400;\">Droit \u00e0 la limitation : vous pouvez demander la suspension du traitement de vos Donn\u00e9es Personnelles ;<\/span><\/li><li style=\"font-weight: 400;\" aria-level=\"1\"><span style=\"font-weight: 400;\">Droit \u00e0 la portabilit\u00e9 : vous pouvez nous demander de r\u00e9cup\u00e9rer vos Donn\u00e9es Personnelles afin d\u2019en disposer.<\/span><\/li><\/ul><p>La protection des Donn\u00e9es Personnelles nous tient \u00e0 c\u0153ur. Nous utilisons les informations que vous fournissez afin de vous proposer des informations et du contenu pertinent sur nos produits et services. Vous pouvez vous d\u00e9sinscrire de nos communications \u00e0 tout moment. Pour plus d&rsquo;informations, consultez la Politique de confidentialit\u00e9 du Site.<\/p><p>Conform\u00e9ment \u00e0 la loi \u00ab informatique et libert\u00e9s \u00bb du 6 janvier 1978 modifi\u00e9e, et au R\u00e8glement Europ\u00e9en sur la Protection des Donn\u00e9es \u00e0 caract\u00e8re personnel du 27 avril 2016, vous pouvez exercer vos droits sur les informations qui vous concernent en pr\u00e9cisant votre nom, pr\u00e9nom et adresse en \u00e9crivant notre sous-traitant dont l\u2019adresse est : <a href=\"mailto:contact@polarized.io\">contact@polarized.io<\/a>.<br \/>Nous nous engageons \u00e0 r\u00e9pondre \u00e0 vos demandes d\u2019exercice de vos droits dans les meilleurs d\u00e9lais et en tout \u00e9tat de cause dans le respect du d\u00e9lai l\u00e9gal de 1 mois.<\/p><p>En cas de difficult\u00e9 en lien avec la gestion de vos donn\u00e9es \u00e0 caract\u00e8re personnel, vous avez le droit d\u2019introduire une r\u00e9clamation aupr\u00e8s de la Commission Nationale de l\u2019Informatique et des Libert\u00e9s (CNIL) (3 place de Fontenoy \u2013 TSA 80715 \u2013 75334 Paris cedex 07 ; t\u00e9l. : 01 53 73 22 22).<\/p>\t\t\t\t\t\t\t\t<\/div>\n\t\t\t\t<\/div>\n\t\t\t\t\t<\/div>\n\t\t\t\t<\/div>\n\t\t<div class=\"elementor-element elementor-element-b24441b e-flex e-con-boxed e-con e-child\" data-id=\"b24441b\" data-element_type=\"container\">\n\t\t\t\t\t<div class=\"e-con-inner\">\n\t\t\t\t<div class=\"elementor-element elementor-element-f1d4e17 elementor-widget elementor-widget-heading\" data-id=\"f1d4e17\" data-element_type=\"widget\" data-widget_type=\"heading.default\">\n\t\t\t\t<div class=\"elementor-widget-container\">\n\t\t\t\t\t<h2 class=\"elementor-heading-title elementor-size-default\">Avons-nous d\u00e9sign\u00e9 un D\u00e9l\u00e9gu\u00e9 \u00e0 la Protection des Donn\u00e9es ?<\/h2>\t\t\t\t<\/div>\n\t\t\t\t<\/div>\n\t\t\t\t<div class=\"elementor-element elementor-element-6fcfce4 elementor-widget elementor-widget-text-editor\" data-id=\"6fcfce4\" data-element_type=\"widget\" data-widget_type=\"text-editor.default\">\n\t\t\t\t<div class=\"elementor-widget-container\">\n\t\t\t\t\t\t\t\t\t<p><span style=\"font-weight: 400;\">La d\u00e9signation d\u2019un D\u00e9l\u00e9gu\u00e9 \u00e0 la Protection des Donn\u00e9es t\u00e9moigne de notre attachement \u00e0 la protection, la s\u00e9curit\u00e9 et la confidentialit\u00e9 des Donn\u00e9es Personnelles de ses clients.<\/span><\/p><p><span style=\"font-weight: 400;\">Vous pouvez contacter la D\u00e9l\u00e9gu\u00e9e \u00e0 la Protection des Donn\u00e9es \u00e0 l\u2019adresse suivante\u00a0:\u00a0<\/span><\/p><p><span style=\"font-weight: 400;\">Madame\/Monsieur le\/la D\u00e9l\u00e9gu\u00e9(e) \u00e0 la Protection des Donn\u00e9es<\/span><\/p><p><span style=\"font-weight: 400;\">ADRESSE<\/span><\/p>\t\t\t\t\t\t\t\t<\/div>\n\t\t\t\t<\/div>\n\t\t\t\t\t<\/div>\n\t\t\t\t<\/div>\n\t\t<div class=\"elementor-element elementor-element-8e5d77f e-flex e-con-boxed e-con e-child\" data-id=\"8e5d77f\" data-element_type=\"container\">\n\t\t\t\t\t<div class=\"e-con-inner\">\n\t\t\t\t<div class=\"elementor-element elementor-element-ee363c1 elementor-widget elementor-widget-heading\" data-id=\"ee363c1\" data-element_type=\"widget\" data-widget_type=\"heading.default\">\n\t\t\t\t<div class=\"elementor-widget-container\">\n\t\t\t\t\t<h2 class=\"elementor-heading-title elementor-size-default\">GLOSSAIRE<\/h2>\t\t\t\t<\/div>\n\t\t\t\t<\/div>\n\t\t\t\t<div class=\"elementor-element elementor-element-b03192a elementor-widget elementor-widget-text-editor\" data-id=\"b03192a\" data-element_type=\"widget\" data-widget_type=\"text-editor.default\">\n\t\t\t\t<div class=\"elementor-widget-container\">\n\t\t\t\t\t\t\t\t\t<p><span style=\"font-weight: 400;\">Chaque terme d\u00e9butant ci-apr\u00e8s par une majuscule a le sens qui lui est donn\u00e9 dans sa d\u00e9finition qui figure au pr\u00e9sent article.<\/span><\/p><p><b>\u00ab Annonceur\u00a0\u00bb\u00a0:<\/b><span style=\"font-weight: 400;\"> D\u00e9signe la soci\u00e9t\u00e9 qui propose le contenu, les publications et\/ou les services depuis le Site.<\/span><\/p><p><b>\u00ab Destinataire \u00bb :<\/b><span style=\"font-weight: 400;\"> D\u00e9signe le service ou l\u2019entreprise qui re\u00e7oit et peut acc\u00e9der \u00e0 vos Donn\u00e9es Personnelles.<\/span><\/p><p><b>\u00ab Donn\u00e9es Personnelles \u00bb :<\/b><span style=\"font-weight: 400;\"> D\u00e9signe toute information se rapportant \u00e0 vous et permettant de vous identifier directement ou indirectement.<\/span><\/p><p><b>\u00ab\u00a0Editeur\u00a0\u00bb\u00a0:<\/b><span style=\"font-weight: 400;\"> D\u00e9signe la soci\u00e9t\u00e9 cr\u00e9atrice et propri\u00e9taire du Site.<\/span><\/p><p><b>\u00a0\u00ab Politique de confidentialit\u00e9 \u00bb<\/b><span style=\"font-weight: 400;\"> et <\/span><b>\u00ab Politique \u00bb :<\/b><span style=\"font-weight: 400;\"> d\u00e9signe le pr\u00e9sent document d\u00e9crivant les mesures prises pour le traitement, l\u2019exploitation et la gestion de vos Donn\u00e9es Personnelles et vos droits en tant que personne concern\u00e9e par le traitement.<\/span><\/p><p><b>\u00ab Responsable du traitement \u00bb :<\/b><span style=\"font-weight: 400;\"> D\u00e9signe l\u2019entit\u00e9 qui r\u00e9alise le traitement de vos Donn\u00e9es Personnelles.<\/span><\/p><p><b>\u00ab Site \u00bb :<\/b><span style=\"font-weight: 400;\"> d\u00e9signe l\u2019ensemble des services fournis par l\u2019Annonceur aux Utilisateurs, accessible par le biais du pr\u00e9sent portail.<\/span><\/p><p><b>\u00ab Traitement \u00bb :<\/b><span style=\"font-weight: 400;\"> D\u00e9signe toute op\u00e9ration ou tout ensemble d\u2019op\u00e9rations appliqu\u00e9es \u00e0 vos Donn\u00e9es Personnelles.<\/span><\/p><p><b>\u00ab Utilisateur \u00bb :<\/b><span style=\"font-weight: 400;\"> d\u00e9signe toute personne physique consultant les services propos\u00e9s via le Site.\u00a0<\/span><\/p><p><b>\u00ab Violation de donn\u00e9es \u00e0 caract\u00e8re personnel \u00bb :<\/b><span style=\"font-weight: 400;\"> D\u00e9signe une violation de la s\u00e9curit\u00e9 entra\u00eenant, de mani\u00e8re accidentelle ou illicite, la destruction, la perte, l\u2019alt\u00e9ration, la divulgation ou l\u2019acc\u00e8s non autoris\u00e9s \u00e0 vos Donn\u00e9es Personnelles.<\/span><\/p>\t\t\t\t\t\t\t\t<\/div>\n\t\t\t\t<\/div>\n\t\t\t\t\t<\/div>\n\t\t\t\t<\/div>\n\t\t\t\t\t<\/div>\n\t\t\t\t<\/div>\n\t\t\t\t<\/div>\n\t\t","protected":false},"excerpt":{"rendered":"<p>Nous pla\u00e7ons la protection des Donn\u00e9es \u00e0 caract\u00e8re Personnel au c\u0153ur de nos activit\u00e9s et des services qui vous sont propos\u00e9s. La pr\u00e9sente Politique \u00e9nonce les principes et lignes directrices pour la protection de vos Donn\u00e9es Personnelles et a pour objectif de vous informer sur : Si nous collectons des Donn\u00e9es Personnelles, la fa\u00e7on dont [&hellip;]<\/p>\n","protected":false},"author":1,"featured_media":0,"parent":0,"menu_order":0,"comment_status":"closed","ping_status":"closed","template":"","meta":{"_acf_changed":false,"footnotes":""},"choix-du-kit":[],"idb":[],"logo-personnalise":[],"option-newsletter":[],"option-telechargement":[],"ouverture-de-case":[],"pre-inscription":[],"class_list":["post-3","page","type-page","status-publish","hentry"],"acf":[],"_links":{"self":[{"href":"https:\/\/demo-leclerc-st-parres.lp-mediaposte.fr\/index.php?rest_route=\/wp\/v2\/pages\/3","targetHints":{"allow":["GET"]}}],"collection":[{"href":"https:\/\/demo-leclerc-st-parres.lp-mediaposte.fr\/index.php?rest_route=\/wp\/v2\/pages"}],"about":[{"href":"https:\/\/demo-leclerc-st-parres.lp-mediaposte.fr\/index.php?rest_route=\/wp\/v2\/types\/page"}],"author":[{"embeddable":true,"href":"https:\/\/demo-leclerc-st-parres.lp-mediaposte.fr\/index.php?rest_route=\/wp\/v2\/users\/1"}],"replies":[{"embeddable":true,"href":"https:\/\/demo-leclerc-st-parres.lp-mediaposte.fr\/index.php?rest_route=%2Fwp%2Fv2%2Fcomments&post=3"}],"version-history":[{"count":0,"href":"https:\/\/demo-leclerc-st-parres.lp-mediaposte.fr\/index.php?rest_route=\/wp\/v2\/pages\/3\/revisions"}],"wp:attachment":[{"href":"https:\/\/demo-leclerc-st-parres.lp-mediaposte.fr\/index.php?rest_route=%2Fwp%2Fv2%2Fmedia&parent=3"}],"wp:term":[{"taxonomy":"choix-du-kit","embeddable":true,"href":"https:\/\/demo-leclerc-st-parres.lp-mediaposte.fr\/index.php?rest_route=%2Fwp%2Fv2%2Fchoix-du-kit&post=3"},{"taxonomy":"idb","embeddable":true,"href":"https:\/\/demo-leclerc-st-parres.lp-mediaposte.fr\/index.php?rest_route=%2Fwp%2Fv2%2Fidb&post=3"},{"taxonomy":"logo-personnalise","embeddable":true,"href":"https:\/\/demo-leclerc-st-parres.lp-mediaposte.fr\/index.php?rest_route=%2Fwp%2Fv2%2Flogo-personnalise&post=3"},{"taxonomy":"option-newsletter","embeddable":true,"href":"https:\/\/demo-leclerc-st-parres.lp-mediaposte.fr\/index.php?rest_route=%2Fwp%2Fv2%2Foption-newsletter&post=3"},{"taxonomy":"option-telechargement","embeddable":true,"href":"https:\/\/demo-leclerc-st-parres.lp-mediaposte.fr\/index.php?rest_route=%2Fwp%2Fv2%2Foption-telechargement&post=3"},{"taxonomy":"ouverture-de-case","embeddable":true,"href":"https:\/\/demo-leclerc-st-parres.lp-mediaposte.fr\/index.php?rest_route=%2Fwp%2Fv2%2Fouverture-de-case&post=3"},{"taxonomy":"pre-inscription","embeddable":true,"href":"https:\/\/demo-leclerc-st-parres.lp-mediaposte.fr\/index.php?rest_route=%2Fwp%2Fv2%2Fpre-inscription&post=3"}],"curies":[{"name":"wp","href":"https:\/\/api.w.org\/{rel}","templated":true}]}}