{"id":27,"date":"2023-12-08T14:18:41","date_gmt":"2023-12-08T14:18:41","guid":{"rendered":"https:\/\/base.lp-mediapost.fr\/?page_id=27"},"modified":"2024-06-10T16:25:43","modified_gmt":"2024-06-10T15:25:43","slug":"mentions-legales","status":"publish","type":"page","link":"https:\/\/demo-leclerc-st-parres.lp-mediaposte.fr\/?page_id=27","title":{"rendered":"Mentions L\u00e9gales"},"content":{"rendered":"\t\t<div data-elementor-type=\"wp-page\" data-elementor-id=\"27\" class=\"elementor elementor-27\" data-elementor-post-type=\"page\">\n\t\t\t\t<div class=\"elementor-element elementor-element-bce95f4 e-flex e-con-boxed e-con e-parent\" data-id=\"bce95f4\" data-element_type=\"container\">\n\t\t\t\t\t<div class=\"e-con-inner\">\n\t\t<div class=\"elementor-element elementor-element-3c49189 e-flex e-con-boxed e-con e-child\" data-id=\"3c49189\" data-element_type=\"container\">\n\t\t\t\t\t<div class=\"e-con-inner\">\n\t\t\t\t<div class=\"elementor-element elementor-element-6eff606 elementor-widget elementor-widget-heading\" data-id=\"6eff606\" data-element_type=\"widget\" data-widget_type=\"heading.default\">\n\t\t\t\t<div class=\"elementor-widget-container\">\n\t\t\t\t\t<p class=\"elementor-heading-title elementor-size-default\">En vigueur au 01\/04\/2023<\/p>\t\t\t\t<\/div>\n\t\t\t\t<\/div>\n\t\t\t\t\t<\/div>\n\t\t\t\t<\/div>\n\t\t<div class=\"elementor-element elementor-element-2eda2db e-flex e-con-boxed e-con e-child\" data-id=\"2eda2db\" data-element_type=\"container\">\n\t\t\t\t\t<div class=\"e-con-inner\">\n\t\t\t\t<div class=\"elementor-element elementor-element-3ecfdb7 elementor-widget elementor-widget-text-editor\" data-id=\"3ecfdb7\" data-element_type=\"widget\" data-widget_type=\"text-editor.default\">\n\t\t\t\t<div class=\"elementor-widget-container\">\n\t\t\t\t\t\t\t\t\tConform\u00e9ment aux dispositions des Articles 6-III et 19 de la Loi n\u00b02004-575 du 21 juin 2004 pour la Confiance dans l\u2019\u00e9conomie num\u00e9rique, dite L.C.E.N., il est port\u00e9 \u00e0 la connaissance des utilisateurs et visiteurs, ci-apr\u00e8s l\u2019 \u00ab\u00a0Utilisateur\u00a0\u00bb, du site <span id=\"site-url\"><\/span>, ci-apr\u00e8s le \u00ab\u00a0Site\u00a0\u00bb, les pr\u00e9sentes mentions l\u00e9gales.\nLa connexion et la navigation sur le Site par l\u2019Utilisateur implique l&rsquo;acceptation int\u00e9grale et sans r\u00e9serve des pr\u00e9sentes mentions l\u00e9gales.\nCes derni\u00e8res sont accessibles sur le Site \u00e0 la rubrique \u00ab Mentions l\u00e9gales \u00bb.\n<script>\n  document.getElementById('site-url').textContent = window.location.origin;\n<\/script>\t\t\t\t\t\t\t\t<\/div>\n\t\t\t\t<\/div>\n\t\t\t\t\t<\/div>\n\t\t\t\t<\/div>\n\t\t<div class=\"elementor-element elementor-element-3f2f27a e-flex e-con-boxed e-con e-child\" data-id=\"3f2f27a\" data-element_type=\"container\">\n\t\t\t\t\t<div class=\"e-con-inner\">\n\t\t\t\t<div class=\"elementor-element elementor-element-e296fe1 elementor-widget elementor-widget-heading\" data-id=\"e296fe1\" data-element_type=\"widget\" data-widget_type=\"heading.default\">\n\t\t\t\t<div class=\"elementor-widget-container\">\n\t\t\t\t\t<h2 class=\"elementor-heading-title elementor-size-default\">ARTICLE 1 - L'\u00c9DITEUR<\/h2>\t\t\t\t<\/div>\n\t\t\t\t<\/div>\n\t\t\t\t<div class=\"elementor-element elementor-element-d6c210b elementor-widget elementor-widget-text-editor\" data-id=\"d6c210b\" data-element_type=\"widget\" data-widget_type=\"text-editor.default\">\n\t\t\t\t<div class=\"elementor-widget-container\">\n\t\t\t\t\t\t\t\t\tL&rsquo;\u00e9dition du Site est assur\u00e9e par POLARIZED SAS Soci\u00e9t\u00e9 par Actions Simplifi\u00e9e au capital de 10500,00 euros, <br> immatricul\u00e9e au Registre du Commerce et des Soci\u00e9t\u00e9s de Antibes sous le num\u00e9ro 89396890900018 dont le si\u00e8ge social est situ\u00e9 au <br> 400 AV ROUMANILLE 06410 BIOT,<br> Adresse e-mail : contact@polarized.io.<br> N\u00b0 de TVA intracommunautaire : FR08893968909<br> Le Directeur de la publication est <strong>E.Leclerc St-Parres<\/strong><br> \u00c9diteur et propri\u00e9taire : POLARIZED SAS.\t\t\t\t\t\t\t\t<\/div>\n\t\t\t\t<\/div>\n\t\t\t\t\t<\/div>\n\t\t\t\t<\/div>\n\t\t<div class=\"elementor-element elementor-element-671be9b e-flex e-con-boxed e-con e-child\" data-id=\"671be9b\" data-element_type=\"container\">\n\t\t\t\t\t<div class=\"e-con-inner\">\n\t\t\t\t<div class=\"elementor-element elementor-element-bcd8950 elementor-widget elementor-widget-heading\" data-id=\"bcd8950\" data-element_type=\"widget\" data-widget_type=\"heading.default\">\n\t\t\t\t<div class=\"elementor-widget-container\">\n\t\t\t\t\t<h2 class=\"elementor-heading-title elementor-size-default\">ARTICLE 2 - L'H\u00c9BERGEUR<\/h2>\t\t\t\t<\/div>\n\t\t\t\t<\/div>\n\t\t\t\t<div class=\"elementor-element elementor-element-81fd969 elementor-widget elementor-widget-text-editor\" data-id=\"81fd969\" data-element_type=\"widget\" data-widget_type=\"text-editor.default\">\n\t\t\t\t<div class=\"elementor-widget-container\">\n\t\t\t\t\t\t\t\t\tL&rsquo;h\u00e9bergeur du Site est la soci\u00e9t\u00e9 Amazon Web Services, dont le si\u00e8ge social est situ\u00e9 au LLC P.O. Box 81226 Seattle, WA 98108-1226. Serveur h\u00e9berg\u00e9 au datacenter Amazon Web Service (Paris, Zone A)\t\t\t\t\t\t\t\t<\/div>\n\t\t\t\t<\/div>\n\t\t\t\t\t<\/div>\n\t\t\t\t<\/div>\n\t\t<div class=\"elementor-element elementor-element-a08e833 e-flex e-con-boxed e-con e-child\" data-id=\"a08e833\" data-element_type=\"container\">\n\t\t\t\t\t<div class=\"e-con-inner\">\n\t\t\t\t<div class=\"elementor-element elementor-element-0fb69a2 elementor-widget elementor-widget-heading\" data-id=\"0fb69a2\" data-element_type=\"widget\" data-widget_type=\"heading.default\">\n\t\t\t\t<div class=\"elementor-widget-container\">\n\t\t\t\t\t<h2 class=\"elementor-heading-title elementor-size-default\">ARTICLE 3 - ACC\u00c8S AU SITE<\/h2>\t\t\t\t<\/div>\n\t\t\t\t<\/div>\n\t\t\t\t<div class=\"elementor-element elementor-element-35d1293 elementor-widget elementor-widget-text-editor\" data-id=\"35d1293\" data-element_type=\"widget\" data-widget_type=\"text-editor.default\">\n\t\t\t\t<div class=\"elementor-widget-container\">\n\t\t\t\t\t\t\t\t\t<div>Le Site est accessible en tout endroit, 7j\/7, 24h\/24 sauf cas de force majeure, interruption programm\u00e9e ou non et pouvant d\u00e9coulant d\u2019une n\u00e9cessit\u00e9 de maintenance.<\/div><div>En cas de modification, interruption ou suspension du Site, l&rsquo;\u00c9diteur ne saurait \u00eatre tenu responsable.<\/div>\t\t\t\t\t\t\t\t<\/div>\n\t\t\t\t<\/div>\n\t\t\t\t\t<\/div>\n\t\t\t\t<\/div>\n\t\t<div class=\"elementor-element elementor-element-13f290e e-flex e-con-boxed e-con e-child\" data-id=\"13f290e\" data-element_type=\"container\">\n\t\t\t\t\t<div class=\"e-con-inner\">\n\t\t\t\t<div class=\"elementor-element elementor-element-f429a7f elementor-widget elementor-widget-heading\" data-id=\"f429a7f\" data-element_type=\"widget\" data-widget_type=\"heading.default\">\n\t\t\t\t<div class=\"elementor-widget-container\">\n\t\t\t\t\t<h2 class=\"elementor-heading-title elementor-size-default\">ARTICLE 4 - COLLECTE DES DONN\u00c9ES<\/h2>\t\t\t\t<\/div>\n\t\t\t\t<\/div>\n\t\t\t\t<div class=\"elementor-element elementor-element-d779f46 elementor-widget elementor-widget-text-editor\" data-id=\"d779f46\" data-element_type=\"widget\" data-widget_type=\"text-editor.default\">\n\t\t\t\t<div class=\"elementor-widget-container\">\n\t\t\t\t\t\t\t\t\t<div>Le Site assure \u00e0 l&rsquo;Utilisateur une collecte et un traitement d&rsquo;informations personnelles dans le respect de la vie priv\u00e9e conform\u00e9ment \u00e0 la loi n\u00b078-17 du 6 janvier 1978 relative \u00e0 l&rsquo;informatique, aux fichiers et aux libert\u00e9s.<\/div><div>En vertu de la loi Informatique et Libert\u00e9s, en date du 6 janvier 1978, l&rsquo;Utilisateur dispose d&rsquo;un droit d&rsquo;acc\u00e8s, de rectification, de suppression et d&rsquo;opposition de ses donn\u00e9es personnelles. L&rsquo;Utilisateur exerce ce<br \/>droit :<\/div><div>\u00a0<\/div><div style=\"padding-left: 20px;\">\u00b7 \u00a0 \u00a0 \u00a0 \u00a0 par mail \u00e0 l&rsquo;adresse email contact@polarized.io<\/div><div>\u00a0<\/div><div>Toute utilisation, reproduction, diffusion, commercialisation, modification de toute ou partie du Site, sans autorisation de l&rsquo;\u00c9diteur est prohib\u00e9e et pourra entra\u00eener des actions et poursuites judiciaires telles que notamment pr\u00e9vues par le Code de la propri\u00e9t\u00e9 intellectuelle et le Code civil.<\/div><div>\u00a0<\/div><div><div><p><span style=\"text-decoration: underline;\">Pour plus d&rsquo;informations:<\/span><\/p><p>&#8211; sur la gestion de vos cookies, se reporter \u00e0 la Charte accessible \u00e0 la rubrique \u00ab\u00a0Politique de Cookies\u00a0\u00bb ou en cliquant <a href=\"\/politique-de-cookies-ue\/\"><strong>ici<\/strong><\/a><\/p><\/div><div>&#8211; sur notre politique de confidentialit\u00e9, se reporter \u00e0 la charte accessible \u00e0 la rubrique \u00ab\u00a0Politique de confidentialit\u00e9\u00a0\u00bb ou en cliquant <strong><a href=\"\/politique-de-confidentialite\/\">ici<\/a><\/strong><\/div><div><strong><br \/><\/strong>&#8211; sur nos conditions g\u00e9n\u00e9rales d&rsquo;utilisation, se reporter \u00e0 la charte accessible \u00e0 la rubrique \u00ab\u00a0CGU\u00a0\u00bb ou en cliquant <a href=\"\/cgus\/\"><strong>ici<\/strong><\/a><\/div><\/div>\t\t\t\t\t\t\t\t<\/div>\n\t\t\t\t<\/div>\n\t\t\t\t\t<\/div>\n\t\t\t\t<\/div>\n\t\t\t\t\t<\/div>\n\t\t\t\t<\/div>\n\t\t\t\t<\/div>\n\t\t","protected":false},"excerpt":{"rendered":"<p>En vigueur au 01\/04\/2023 Conform\u00e9ment aux dispositions des Articles 6-III et 19 de la Loi n\u00b02004-575 du 21 juin 2004 pour la Confiance dans l\u2019\u00e9conomie num\u00e9rique, dite L.C.E.N., il est port\u00e9 \u00e0 la connaissance des utilisateurs et visiteurs, ci-apr\u00e8s l\u2019 \u00ab\u00a0Utilisateur\u00a0\u00bb, du site , ci-apr\u00e8s le \u00ab\u00a0Site\u00a0\u00bb, les pr\u00e9sentes mentions l\u00e9gales. La connexion et la [&hellip;]<\/p>\n","protected":false},"author":1,"featured_media":0,"parent":0,"menu_order":0,"comment_status":"closed","ping_status":"closed","template":"","meta":{"_acf_changed":false,"footnotes":""},"choix-du-kit":[],"idb":[],"logo-personnalise":[],"option-newsletter":[],"option-telechargement":[],"ouverture-de-case":[],"pre-inscription":[],"class_list":["post-27","page","type-page","status-publish","hentry"],"acf":[],"_links":{"self":[{"href":"https:\/\/demo-leclerc-st-parres.lp-mediaposte.fr\/index.php?rest_route=\/wp\/v2\/pages\/27","targetHints":{"allow":["GET"]}}],"collection":[{"href":"https:\/\/demo-leclerc-st-parres.lp-mediaposte.fr\/index.php?rest_route=\/wp\/v2\/pages"}],"about":[{"href":"https:\/\/demo-leclerc-st-parres.lp-mediaposte.fr\/index.php?rest_route=\/wp\/v2\/types\/page"}],"author":[{"embeddable":true,"href":"https:\/\/demo-leclerc-st-parres.lp-mediaposte.fr\/index.php?rest_route=\/wp\/v2\/users\/1"}],"replies":[{"embeddable":true,"href":"https:\/\/demo-leclerc-st-parres.lp-mediaposte.fr\/index.php?rest_route=%2Fwp%2Fv2%2Fcomments&post=27"}],"version-history":[{"count":0,"href":"https:\/\/demo-leclerc-st-parres.lp-mediaposte.fr\/index.php?rest_route=\/wp\/v2\/pages\/27\/revisions"}],"wp:attachment":[{"href":"https:\/\/demo-leclerc-st-parres.lp-mediaposte.fr\/index.php?rest_route=%2Fwp%2Fv2%2Fmedia&parent=27"}],"wp:term":[{"taxonomy":"choix-du-kit","embeddable":true,"href":"https:\/\/demo-leclerc-st-parres.lp-mediaposte.fr\/index.php?rest_route=%2Fwp%2Fv2%2Fchoix-du-kit&post=27"},{"taxonomy":"idb","embeddable":true,"href":"https:\/\/demo-leclerc-st-parres.lp-mediaposte.fr\/index.php?rest_route=%2Fwp%2Fv2%2Fidb&post=27"},{"taxonomy":"logo-personnalise","embeddable":true,"href":"https:\/\/demo-leclerc-st-parres.lp-mediaposte.fr\/index.php?rest_route=%2Fwp%2Fv2%2Flogo-personnalise&post=27"},{"taxonomy":"option-newsletter","embeddable":true,"href":"https:\/\/demo-leclerc-st-parres.lp-mediaposte.fr\/index.php?rest_route=%2Fwp%2Fv2%2Foption-newsletter&post=27"},{"taxonomy":"option-telechargement","embeddable":true,"href":"https:\/\/demo-leclerc-st-parres.lp-mediaposte.fr\/index.php?rest_route=%2Fwp%2Fv2%2Foption-telechargement&post=27"},{"taxonomy":"ouverture-de-case","embeddable":true,"href":"https:\/\/demo-leclerc-st-parres.lp-mediaposte.fr\/index.php?rest_route=%2Fwp%2Fv2%2Fouverture-de-case&post=27"},{"taxonomy":"pre-inscription","embeddable":true,"href":"https:\/\/demo-leclerc-st-parres.lp-mediaposte.fr\/index.php?rest_route=%2Fwp%2Fv2%2Fpre-inscription&post=27"}],"curies":[{"name":"wp","href":"https:\/\/api.w.org\/{rel}","templated":true}]}}